{"id":14,"date":"2018-10-31T00:55:33","date_gmt":"2018-10-30T23:55:33","guid":{"rendered":"https:\/\/programy.szymonmatysiak.pl\/?page_id=14"},"modified":"2026-02-09T16:08:51","modified_gmt":"2026-02-09T15:08:51","slug":"programy","status":"publish","type":"page","link":"https:\/\/programy.matyspc.pl\/","title":{"rendered":"Programy"},"content":{"rendered":"<p>M\u00f3j skrypt instalacyjny PowerShell Chocolatey:<\/p>\n<ul>\n<li><a href=\"https:\/\/dysk.matyspc.pl\/index.php\/s\/cAkBKargpepdPf6\">POWERSHELL<\/a><\/li>\n<\/ul>\n<p>Programy do pomocy zdalnej<\/p>\n<ul>\n<li><a href=\"https:\/\/www.teamviewer.com\/pl\/automatyczne-pobieranie-teamviewer\/\">TeamViewer<\/a><\/li>\n<li><a href=\"https:\/\/download.anydesk.com\/AnyDesk.exe\">AnyDesk<\/a><\/li>\n<li><a href=\"https:\/\/ulm.aeroadmin.com\/AeroAdmin.exe\">Aero Admin<\/a><\/li>\n<\/ul>\n<p>Darmowy pakiet biurowy:<\/p>\n<ul>\n<li><a href=\"https:\/\/pl.libreoffice.org\/pobieranie\/?type=win-x86_64&amp;lang=pl\">Libre Office<\/a><\/li>\n<\/ul>\n<p>Odtwarzacz wideo:<\/p>\n<ul>\n<li><a href=\"https:\/\/www.videolan.org\/vlc\/download-windows.pl.html\">VLC<\/a><\/li>\n<\/ul>\n<p>Przegl\u0105darka zdj\u0119\u0107<\/p>\n<ul>\n<li><a href=\"https:\/\/download.cnet.com\/IrfanView-64-bit\/3000-2192_4-76444710.html\">IrfanView<\/a> + <a href=\"http:\/\/www.irfanview.net\/lang\/irfanview_lang_polski.exe\">spolszczenie<\/a> + <a href=\"http:\/\/download.cnet.com\/IrfanView-64-bit\/3000-2192_4-76444710.html?part=dl-&amp;subj=dl&amp;tag=button\">dodatkowe wtyczki<\/a><\/li>\n<\/ul>\n<p>Backup \/ Partycjonowanie<\/p>\n<ul>\n<li><a href=\"https:\/\/dysk.matyspc.pl\/index.php\/s\/rSKa4fLtoXj9dta\/download\">Ease Todo Backup Free<\/a><\/li>\n<li><a href=\"https:\/\/programy.matyspc.pl\/pliki\/pw11-free-offline.exe\">MiniTools Partition Wizard Offline Instalator<\/a><\/li>\n<li><a href=\"https:\/\/hekasoft.com\/?download=112\">Hekasoft Backup &amp; Restore<\/a> &#8211; backup ustawie\u0144 dowolnej przegl\u0105darki<\/li>\n<\/ul>\n<p>S.M.A.R.T.<\/p>\n<ul>\n<li><a href=\"https:\/\/dysk.matyspc.pl\/index.php\/s\/WfEpkFwS8oJABaz\/download\">Gsmartcontrol (x64)<\/a><\/li>\n<\/ul>\n<p>Tworzenie PDF<\/p>\n<ul>\n<li><a href=\"http:\/\/download.pdfforge.org\/download\/pdfcreator\/PDFCreator-stable?download\">PDF Creator &#8211; wirtualna drukarka PDF<\/a><\/li>\n<li><a href=\"https:\/\/pdfsam.org\/download-pdfsam-basic\/\">PDF SAM (Split And Merge) &#8211; program do \u0142\u0105czenia i ci\u0119cia plik\u00f3w PDF<\/a><\/li>\n<\/ul>\n<p>Skanowanie<\/p>\n<ul>\n<li><a href=\"https:\/\/www.naps2.com\/download.html\">NAPS2<\/a><\/li>\n<\/ul>\n<p>MS SQL na Ubuntu<\/p>\n<ul>\n<li><a href=\"https:\/\/dysk.matyspc.pl\/s\/ewjLn3WT5MwjqTG\">Skrypt<\/a><\/li>\n<\/ul>\n<p><a href=\"https:\/\/windows.matyspc.pl\">Obrazy instalacyjne systemu Windows<\/a><\/p>\n<p>Obrazy instalacyjne MS Office:<\/p>\n<ul>\n<li style=\"list-style-type: none;\">\n<ul>\n<li><a href=\"https:\/\/dysk.matyspc.pl\/index.php\/s\/QQz79Dx3mcJNTJ7\/download\">Office 2010 Pro Plus<\/a><\/li>\n<li><a href=\"https:\/\/dysk.matyspc.pl\/index.php\/s\/CjQiZM9xKB8zZFM\/download\">Office 2013 Pro Plus<\/a><\/li>\n<li><a href=\"https:\/\/dysk.matyspc.pl\/index.php\/s\/Fqg9oD2KDprTkWG\/download\">Office 2016 Pro Plus<\/a><\/li>\n<li><a href=\"https:\/\/dysk.matyspc.pl\/s\/8g6FYJqGsriec44\/download\">Office 2019 Pro Plus<\/a><\/li>\n<\/ul>\n<\/li>\n<\/ul>\n<p>Inne:<\/p>\n<ul>\n<li style=\"list-style-type: none;\">\n<ul>\n<li><a href=\"https:\/\/dysk.matyspc.pl\/index.php\/s\/x92mKNdHdjZ3WGQ\/download\">Program blokuj\u0105cy aktualizacje na Windows 10<\/a><\/li>\n<li><a href=\"https:\/\/www.koshyjohn.com\/software\/diskmax\/\">DiskMax<\/a><\/li>\n<li><a href=\"https:\/\/dysk.matyspc.pl\/s\/ik4FG4YfaMprHFt\/download\">Skrypt pozwalaj\u0105cy instalowa\u0107 Windows 11 na niewspieranych sprz\u0119tach (aktualizacja, czysta instalacja, wszystko do wyboru). Plik .bat<\/a><\/li>\n<li><a href=\"https:\/\/dysk.matyspc.pl\/s\/4TnjF67SJkA7Z3L\/download\">Normalne menu kontekstowe w Windows 11<\/a><\/li>\n<li><a href=\"https:\/\/dysk.matyspc.pl\/s\/ZEEyRGt7bqH6jeE\/download\">Wpis do rejestru wy\u0142\u0105czaj\u0105cy sprawdzanie TPM dla Windows 11<\/a><\/li>\n<\/ul>\n<\/li>\n<\/ul>\n<p>Klucz do podniesienia Windowsa Home do Pro (bez aktywacji): <strong>VK7JG-NPHTM-C97JM-9MPGT-3V66T<\/strong><\/p>\n<p>Obej\u015bcie niepotrzebnego logowania do konta Microsoft na nowym systemie Windows Home: <strong>Shift + F10<\/strong>, polecenie: <strong><em>start ms-cxh<\/em>:<em>localonly<\/em><\/strong><\/p>\n","protected":false},"excerpt":{"rendered":"<p>M\u00f3j skrypt instalacyjny PowerShell Chocolatey: POWERSHELL Programy do pomocy zdalnej TeamViewer AnyDesk Aero Admin Darmowy pakiet biurowy: Libre Office Odtwarzacz wideo: VLC Przegl\u0105darka zdj\u0119\u0107 IrfanView + spolszczenie + dodatkowe wtyczki Backup \/ Partycjonowanie Ease Todo Backup Free MiniTools Partition Wizard Offline Instalator Hekasoft Backup &amp; Restore &#8211; backup ustawie\u0144 dowolnej przegl\u0105darki S.M.A.R.T. Gsmartcontrol (x64) Tworzenie &#8230; <a title=\"Programy\" class=\"read-more\" href=\"https:\/\/programy.matyspc.pl\/\" aria-label=\"Dowiedz si\u0119 wi\u0119cej o Programy\">Dowiedz si\u0119 wi\u0119cej<\/a><\/p>\n","protected":false},"author":1,"featured_media":0,"parent":0,"menu_order":0,"comment_status":"closed","ping_status":"closed","template":"","meta":{"footnotes":""},"class_list":["post-14","page","type-page","status-publish"],"_links":{"self":[{"href":"https:\/\/programy.matyspc.pl\/index.php\/wp-json\/wp\/v2\/pages\/14","targetHints":{"allow":["GET"]}}],"collection":[{"href":"https:\/\/programy.matyspc.pl\/index.php\/wp-json\/wp\/v2\/pages"}],"about":[{"href":"https:\/\/programy.matyspc.pl\/index.php\/wp-json\/wp\/v2\/types\/page"}],"author":[{"embeddable":true,"href":"https:\/\/programy.matyspc.pl\/index.php\/wp-json\/wp\/v2\/users\/1"}],"replies":[{"embeddable":true,"href":"https:\/\/programy.matyspc.pl\/index.php\/wp-json\/wp\/v2\/comments?post=14"}],"version-history":[{"count":43,"href":"https:\/\/programy.matyspc.pl\/index.php\/wp-json\/wp\/v2\/pages\/14\/revisions"}],"predecessor-version":[{"id":156,"href":"https:\/\/programy.matyspc.pl\/index.php\/wp-json\/wp\/v2\/pages\/14\/revisions\/156"}],"wp:attachment":[{"href":"https:\/\/programy.matyspc.pl\/index.php\/wp-json\/wp\/v2\/media?parent=14"}],"curies":[{"name":"wp","href":"https:\/\/api.w.org\/{rel}","templated":true}]}}